{"id":5371,"date":"2023-06-18T16:16:26","date_gmt":"2023-06-18T16:16:26","guid":{"rendered":"https:\/\/foramen.es\/politique-de-confidentialite\/"},"modified":"2023-10-04T21:23:25","modified_gmt":"2023-10-04T21:23:25","slug":"politique-de-confidentialite","status":"publish","type":"page","link":"https:\/\/foramen.es\/fr\/politique-de-confidentialite\/","title":{"rendered":"Politique de confidentialit\u00e9"},"content":{"rendered":"\n<div style=\"height:100px\" aria-hidden=\"true\" class=\"wp-block-spacer\"><\/div>\n\n<h1 class=\"wp-block-heading\">Politique de confidentialit\u00e9 et de protection des donn\u00e9es<\/h1>\n\n<p>Conform\u00e9ment \u00e0 la loi organique 15\/1999 relative \u00e0 la protection des donn\u00e9es \u00e0 caract\u00e8re personnel et au d\u00e9cret royal 1720\/2007 portant approbation du r\u00e8glement de d\u00e9veloppement et de la loi 34\/2002 relative aux services de la soci\u00e9t\u00e9 de l&rsquo;information, Foramen, en tant que propri\u00e9taire du site web http:\/\/www.foramen.es, vous informe que les diff\u00e9rentes donn\u00e9es demand\u00e9es et collect\u00e9es sur ce site via les diff\u00e9rents formulaires de collecte, et dans cette application web, seront trait\u00e9es conform\u00e9ment \u00e0 la l\u00e9gislation en vigueur en mati\u00e8re de protection des donn\u00e9es \u00e0 caract\u00e8re personnel.<\/p>\n\n<p>Les donn\u00e9es \u00e0 caract\u00e8re personnel collect\u00e9es par Foramen sont en tout \u00e9tat de cause ad\u00e9quates, pertinentes et non excessives au regard du champ d&rsquo;application et des finalit\u00e9s sp\u00e9cifiques et l\u00e9gitimes pour lesquelles elles sont collect\u00e9es.<\/p>\n\n<p>L&rsquo;Utilisateur est inform\u00e9 par Foramen et autorise express\u00e9ment Foramen \u00e0 int\u00e9grer ses donn\u00e9es personnelles dans le fichier automatis\u00e9 correspondant, autorisant Foramen \u00e0 effectuer tout traitement de ces fichiers li\u00e9 \u00e0 l&rsquo;exercice de ses fonctions. De m\u00eame, vous autorisez express\u00e9ment le transfert de vos donn\u00e9es \u00e0 des entit\u00e9s publiques ou priv\u00e9es li\u00e9es aux fonctions propres de Foramen, dans la mesure o\u00f9 ces transferts sont n\u00e9cessaires \u00e0 la r\u00e9alisation des finalit\u00e9s poursuivies par le fichier pr\u00e9cit\u00e9.<\/p>\n\n<p>L&rsquo;Utilisateur autorise Foramen \u00e0 l&rsquo;informer, par voie ordinaire et \u00e9lectronique, par tout moyen de communication (num\u00e9rique, t\u00e9l\u00e9phonique, postal) des activit\u00e9s, y compris la r\u00e9alisation d&rsquo;enqu\u00eates de satisfaction et la mise \u00e0 jour des donn\u00e9es, ainsi que la publication des r\u00e9sultats des tirages au sort et des images des diff\u00e9rentes activit\u00e9s, tant sur le Site que dans les diff\u00e9rentes publications de Foramen.<\/p>\n\n<p>Enfin, nous vous informons que vous pouvez exercer vos droits d&rsquo;acc\u00e8s, de rectification, d&rsquo;annulation (partielle ou totale) et de transfert des donn\u00e9es fournies en \u00e9crivant \u00e0 Foramen \u00e0 Pol\u00edgono Industrial de Guarnizo, parcela 8, 39611 &#8211; Guarnizo (Cantabria) Espagne.<\/p>\n\n<div style=\"height:100px\" aria-hidden=\"true\" class=\"wp-block-spacer\"><\/div>\n","protected":false},"excerpt":{"rendered":"<p>Politique de confidentialit\u00e9 et de protection des donn\u00e9es Conform\u00e9ment \u00e0 la loi organique 15\/1999 relative \u00e0 la protection des donn\u00e9es \u00e0 caract\u00e8re personnel et au d\u00e9cret royal 1720\/2007 portant approbation du r\u00e8glement de d\u00e9veloppement et de la loi 34\/2002 relative aux services de la soci\u00e9t\u00e9 de l&rsquo;information, Foramen, en tant que propri\u00e9taire du site web [&hellip;]<\/p>\n","protected":false},"author":3,"featured_media":0,"parent":0,"menu_order":0,"comment_status":"closed","ping_status":"closed","template":"","meta":{"site-sidebar-layout":"default","site-content-layout":"default","ast-site-content-layout":"default","site-content-style":"default","site-sidebar-style":"default","ast-global-header-display":"","ast-banner-title-visibility":"","ast-main-header-display":"","ast-hfb-above-header-display":"","ast-hfb-below-header-display":"","ast-hfb-mobile-header-display":"","site-post-title":"disabled","ast-breadcrumbs-content":"","ast-featured-img":"","footer-sml-layout":"","ast-disable-related-posts":"","theme-transparent-header-meta":"default","adv-header-id-meta":"","stick-header-meta":"","header-above-stick-meta":"","header-main-stick-meta":"","header-below-stick-meta":"","astra-migrate-meta-layouts":"default","ast-page-background-enabled":"default","ast-page-background-meta":{"desktop":{"background-color":"var(--ast-global-color-4)","background-image":"","background-repeat":"repeat","background-position":"center center","background-size":"auto","background-attachment":"scroll","background-type":"","background-media":"","overlay-type":"","overlay-color":"","overlay-opacity":"","overlay-gradient":""},"tablet":{"background-color":"","background-image":"","background-repeat":"repeat","background-position":"center center","background-size":"auto","background-attachment":"scroll","background-type":"","background-media":"","overlay-type":"","overlay-color":"","overlay-opacity":"","overlay-gradient":""},"mobile":{"background-color":"","background-image":"","background-repeat":"repeat","background-position":"center center","background-size":"auto","background-attachment":"scroll","background-type":"","background-media":"","overlay-type":"","overlay-color":"","overlay-opacity":"","overlay-gradient":""}},"ast-content-background-meta":{"desktop":{"background-color":"var(--ast-global-color-5)","background-image":"","background-repeat":"repeat","background-position":"center center","background-size":"auto","background-attachment":"scroll","background-type":"","background-media":"","overlay-type":"","overlay-color":"","overlay-opacity":"","overlay-gradient":""},"tablet":{"background-color":"var(--ast-global-color-5)","background-image":"","background-repeat":"repeat","background-position":"center center","background-size":"auto","background-attachment":"scroll","background-type":"","background-media":"","overlay-type":"","overlay-color":"","overlay-opacity":"","overlay-gradient":""},"mobile":{"background-color":"var(--ast-global-color-5)","background-image":"","background-repeat":"repeat","background-position":"center center","background-size":"auto","background-attachment":"scroll","background-type":"","background-media":"","overlay-type":"","overlay-color":"","overlay-opacity":"","overlay-gradient":""}},"footnotes":""},"class_list":["post-5371","page","type-page","status-publish","hentry"],"yoast_head":"<!-- This site is optimized with the Yoast SEO plugin v27.5 - https:\/\/yoast.com\/product\/yoast-seo-wordpress\/ -->\n<title>Politique de confidentialit\u00e9 et de protection des donn\u00e9es -% Foramen% Foramen%%<\/title>\n<meta name=\"description\" content=\"Veuillez lire attentivement notre politique de confidentialit\u00e9 et de protection des donn\u00e9es.\" \/>\n<meta name=\"robots\" content=\"index, follow, max-snippet:-1, max-image-preview:large, max-video-preview:-1\" \/>\n<link rel=\"canonical\" href=\"https:\/\/foramen.es\/fr\/politique-de-confidentialite\/\" \/>\n<meta property=\"og:locale\" content=\"fr_FR\" \/>\n<meta property=\"og:type\" content=\"article\" \/>\n<meta property=\"og:title\" content=\"Politique de confidentialit\u00e9 et de protection des donn\u00e9es -% Foramen% Foramen%%\" \/>\n<meta property=\"og:description\" content=\"Veuillez lire attentivement notre politique de confidentialit\u00e9 et de protection des donn\u00e9es.\" \/>\n<meta property=\"og:url\" content=\"https:\/\/foramen.es\/fr\/politique-de-confidentialite\/\" \/>\n<meta property=\"og:site_name\" content=\"Foramen\" \/>\n<meta property=\"article:publisher\" content=\"https:\/\/www.facebook.com\/foramensl\" \/>\n<meta property=\"article:modified_time\" content=\"2023-10-04T21:23:25+00:00\" \/>\n<meta property=\"og:image\" content=\"https:\/\/foramen.es\/wp-content\/uploads\/2023\/06\/fichas-enjuag-accion.jpg\" \/>\n\t<meta property=\"og:image:width\" content=\"169\" \/>\n\t<meta property=\"og:image:height\" content=\"397\" \/>\n\t<meta property=\"og:image:type\" content=\"image\/jpeg\" \/>\n<meta name=\"twitter:card\" content=\"summary_large_image\" \/>\n<script type=\"application\/ld+json\" class=\"yoast-schema-graph\">{\"@context\":\"https:\\\/\\\/schema.org\",\"@graph\":[{\"@type\":\"WebPage\",\"@id\":\"https:\\\/\\\/foramen.es\\\/fr\\\/politique-de-confidentialite\\\/\",\"url\":\"https:\\\/\\\/foramen.es\\\/fr\\\/politique-de-confidentialite\\\/\",\"name\":\"Politique de confidentialit\u00e9 et de protection des donn\u00e9es -% Foramen% Foramen%%\",\"isPartOf\":{\"@id\":\"https:\\\/\\\/foramen.es\\\/es\\\/#website\"},\"datePublished\":\"2023-06-18T16:16:26+00:00\",\"dateModified\":\"2023-10-04T21:23:25+00:00\",\"description\":\"Veuillez lire attentivement notre politique de confidentialit\u00e9 et de protection des donn\u00e9es.\",\"breadcrumb\":{\"@id\":\"https:\\\/\\\/foramen.es\\\/fr\\\/politique-de-confidentialite\\\/#breadcrumb\"},\"inLanguage\":\"fr-FR\",\"potentialAction\":[{\"@type\":\"ReadAction\",\"target\":[\"https:\\\/\\\/foramen.es\\\/fr\\\/politique-de-confidentialite\\\/\"]}]},{\"@type\":\"BreadcrumbList\",\"@id\":\"https:\\\/\\\/foramen.es\\\/fr\\\/politique-de-confidentialite\\\/#breadcrumb\",\"itemListElement\":[{\"@type\":\"ListItem\",\"position\":1,\"name\":\"Portada\",\"item\":\"https:\\\/\\\/foramen.es\\\/es\\\/\"},{\"@type\":\"ListItem\",\"position\":2,\"name\":\"Politique de confidentialit\u00e9\"}]},{\"@type\":\"WebSite\",\"@id\":\"https:\\\/\\\/foramen.es\\\/es\\\/#website\",\"url\":\"https:\\\/\\\/foramen.es\\\/es\\\/\",\"name\":\"Foramen\",\"description\":\"Todo para la Higiene Bucal\",\"publisher\":{\"@id\":\"https:\\\/\\\/foramen.es\\\/es\\\/#organization\"},\"potentialAction\":[{\"@type\":\"SearchAction\",\"target\":{\"@type\":\"EntryPoint\",\"urlTemplate\":\"https:\\\/\\\/foramen.es\\\/es\\\/?s={search_term_string}\"},\"query-input\":{\"@type\":\"PropertyValueSpecification\",\"valueRequired\":true,\"valueName\":\"search_term_string\"}}],\"inLanguage\":\"fr-FR\"},{\"@type\":\"Organization\",\"@id\":\"https:\\\/\\\/foramen.es\\\/es\\\/#organization\",\"name\":\"Foramen\",\"url\":\"https:\\\/\\\/foramen.es\\\/es\\\/\",\"logo\":{\"@type\":\"ImageObject\",\"inLanguage\":\"fr-FR\",\"@id\":\"https:\\\/\\\/foramen.es\\\/es\\\/#\\\/schema\\\/logo\\\/image\\\/\",\"url\":\"https:\\\/\\\/foramen.es\\\/wp-content\\\/uploads\\\/2023\\\/08\\\/LogoForamen100-2-e1690994852494.png\",\"contentUrl\":\"https:\\\/\\\/foramen.es\\\/wp-content\\\/uploads\\\/2023\\\/08\\\/LogoForamen100-2-e1690994852494.png\",\"width\":452,\"height\":222,\"caption\":\"Foramen\"},\"image\":{\"@id\":\"https:\\\/\\\/foramen.es\\\/es\\\/#\\\/schema\\\/logo\\\/image\\\/\"},\"sameAs\":[\"https:\\\/\\\/www.facebook.com\\\/foramensl\",\"https:\\\/\\\/www.instagram.com\\\/foramensl\\\/\"]}]}<\/script>\n<!-- \/ Yoast SEO plugin. -->","yoast_head_json":{"title":"Politique de confidentialit\u00e9 et de protection des donn\u00e9es -% Foramen% Foramen%%","description":"Veuillez lire attentivement notre politique de confidentialit\u00e9 et de protection des donn\u00e9es.","robots":{"index":"index","follow":"follow","max-snippet":"max-snippet:-1","max-image-preview":"max-image-preview:large","max-video-preview":"max-video-preview:-1"},"canonical":"https:\/\/foramen.es\/fr\/politique-de-confidentialite\/","og_locale":"fr_FR","og_type":"article","og_title":"Politique de confidentialit\u00e9 et de protection des donn\u00e9es -% Foramen% Foramen%%","og_description":"Veuillez lire attentivement notre politique de confidentialit\u00e9 et de protection des donn\u00e9es.","og_url":"https:\/\/foramen.es\/fr\/politique-de-confidentialite\/","og_site_name":"Foramen","article_publisher":"https:\/\/www.facebook.com\/foramensl","article_modified_time":"2023-10-04T21:23:25+00:00","og_image":[{"width":169,"height":397,"url":"https:\/\/foramen.es\/wp-content\/uploads\/2023\/06\/fichas-enjuag-accion.jpg","type":"image\/jpeg"}],"twitter_card":"summary_large_image","schema":{"@context":"https:\/\/schema.org","@graph":[{"@type":"WebPage","@id":"https:\/\/foramen.es\/fr\/politique-de-confidentialite\/","url":"https:\/\/foramen.es\/fr\/politique-de-confidentialite\/","name":"Politique de confidentialit\u00e9 et de protection des donn\u00e9es -% Foramen% Foramen%%","isPartOf":{"@id":"https:\/\/foramen.es\/es\/#website"},"datePublished":"2023-06-18T16:16:26+00:00","dateModified":"2023-10-04T21:23:25+00:00","description":"Veuillez lire attentivement notre politique de confidentialit\u00e9 et de protection des donn\u00e9es.","breadcrumb":{"@id":"https:\/\/foramen.es\/fr\/politique-de-confidentialite\/#breadcrumb"},"inLanguage":"fr-FR","potentialAction":[{"@type":"ReadAction","target":["https:\/\/foramen.es\/fr\/politique-de-confidentialite\/"]}]},{"@type":"BreadcrumbList","@id":"https:\/\/foramen.es\/fr\/politique-de-confidentialite\/#breadcrumb","itemListElement":[{"@type":"ListItem","position":1,"name":"Portada","item":"https:\/\/foramen.es\/es\/"},{"@type":"ListItem","position":2,"name":"Politique de confidentialit\u00e9"}]},{"@type":"WebSite","@id":"https:\/\/foramen.es\/es\/#website","url":"https:\/\/foramen.es\/es\/","name":"Foramen","description":"Todo para la Higiene Bucal","publisher":{"@id":"https:\/\/foramen.es\/es\/#organization"},"potentialAction":[{"@type":"SearchAction","target":{"@type":"EntryPoint","urlTemplate":"https:\/\/foramen.es\/es\/?s={search_term_string}"},"query-input":{"@type":"PropertyValueSpecification","valueRequired":true,"valueName":"search_term_string"}}],"inLanguage":"fr-FR"},{"@type":"Organization","@id":"https:\/\/foramen.es\/es\/#organization","name":"Foramen","url":"https:\/\/foramen.es\/es\/","logo":{"@type":"ImageObject","inLanguage":"fr-FR","@id":"https:\/\/foramen.es\/es\/#\/schema\/logo\/image\/","url":"https:\/\/foramen.es\/wp-content\/uploads\/2023\/08\/LogoForamen100-2-e1690994852494.png","contentUrl":"https:\/\/foramen.es\/wp-content\/uploads\/2023\/08\/LogoForamen100-2-e1690994852494.png","width":452,"height":222,"caption":"Foramen"},"image":{"@id":"https:\/\/foramen.es\/es\/#\/schema\/logo\/image\/"},"sameAs":["https:\/\/www.facebook.com\/foramensl","https:\/\/www.instagram.com\/foramensl\/"]}]}},"_links":{"self":[{"href":"https:\/\/foramen.es\/fr\/wp-json\/wp\/v2\/pages\/5371","targetHints":{"allow":["GET"]}}],"collection":[{"href":"https:\/\/foramen.es\/fr\/wp-json\/wp\/v2\/pages"}],"about":[{"href":"https:\/\/foramen.es\/fr\/wp-json\/wp\/v2\/types\/page"}],"author":[{"embeddable":true,"href":"https:\/\/foramen.es\/fr\/wp-json\/wp\/v2\/users\/3"}],"replies":[{"embeddable":true,"href":"https:\/\/foramen.es\/fr\/wp-json\/wp\/v2\/comments?post=5371"}],"version-history":[{"count":0,"href":"https:\/\/foramen.es\/fr\/wp-json\/wp\/v2\/pages\/5371\/revisions"}],"wp:attachment":[{"href":"https:\/\/foramen.es\/fr\/wp-json\/wp\/v2\/media?parent=5371"}],"curies":[{"name":"wp","href":"https:\/\/api.w.org\/{rel}","templated":true}]}}