{"id":4231,"date":"2023-09-25T17:43:01","date_gmt":"2023-09-25T17:43:01","guid":{"rendered":"https:\/\/iondisart.com\/foramen\/?post_type=product&#038;p=4231"},"modified":"2026-02-11T12:31:55","modified_gmt":"2026-02-11T12:31:55","slug":"enjuague-bucal-hyaluronic","status":"publish","type":"product","link":"https:\/\/foramen.es\/es\/productos\/especialidades-clinicas\/enjuague-bucal-hyaluronic\/","title":{"rendered":"HYALURONIC"},"content":{"rendered":"<p>COMPOSICION<br \/>\nCONTIENE: Chlorhexidine Digluconate 0,12% INGREDIENTS: Aqua, Sorbitol, Propylene Glycol, Glycerin, PEG-40 Hydrogenated Castor Oil, Poloxamer 407, Aroma, Sodium Methylparaben, Sodium Propylparaben, Citric Acid, Chlorhexidine Digluconate, Sodium Hyaluronate, Sodium Benzoate, Sodium Saccharin, BHT, Limonene.<\/p>\n<p>MODO EMPLEO<br \/>\n\u2022 Enjuagarse despu\u00e9s de cada cepillado durante 30 segundos y expulsar despu\u00e9s el l\u00edquido.<br \/>\n\u2022 USAR M\u00c1XIMO DURANTE 3 SEMANAS.<br \/>\n\u2022 No ingerir. No recomendado para ni\u00f1os menores de 12 a\u00f1os.<\/p>\n<p>CONTRAINDICACIONES: Est\u00e1 contraindicado en pacientes que hayan mostrado reacciones de hipersensibilidad a la clorhexidina. Estas reacciones son extremadamente raras.<\/p>\n<p>EFECTOS SECUNDARIOS: En algunos casos puede presentarse alteraci\u00f3n del gusto y sensaci\u00f3n urente en la lengua, que generalmente disminuyen con el uso continuado del producto. Tras el uso prolongado y al contacto con ciertas bebidas y alimentos tales como el vino tinto y el caf\u00e9 y tambi\u00e9n con el tabaco puede presentarse coloraci\u00f3n de los dientes y de los empastes. Esta coloraci\u00f3n no es permanente y puede eliminarse con una profilaxis dental adecuada.<\/p>\n<p>REFERENCIA<br \/>\n027<\/p>\n<p>PRESENTACI\u00d3N<br \/>\n\u2022 15ml \u2022 250ml<\/p>\n<p>EMBALAJE: 12 unidades caja<\/p>\n","protected":false},"excerpt":{"rendered":"<p>PROTEGE, REPARA y REGENERA la mucosa bucal y las enc\u00edas. Ayuda a la CICATRIZACI\u00d3N.<\/p>\n","protected":false},"featured_media":7450,"comment_status":"closed","ping_status":"closed","template":"","meta":{"site-sidebar-layout":"default","site-content-layout":"default","ast-site-content-layout":"default","site-content-style":"default","site-sidebar-style":"default","ast-global-header-display":"","ast-banner-title-visibility":"","ast-main-header-display":"","ast-hfb-above-header-display":"","ast-hfb-below-header-display":"","ast-hfb-mobile-header-display":"","site-post-title":"","ast-breadcrumbs-content":"","ast-featured-img":"","footer-sml-layout":"","ast-disable-related-posts":"","theme-transparent-header-meta":"default","adv-header-id-meta":"","stick-header-meta":"","header-above-stick-meta":"","header-main-stick-meta":"","header-below-stick-meta":"","astra-migrate-meta-layouts":"set","ast-page-background-enabled":"default","ast-page-background-meta":{"desktop":{"background-color":"var(--ast-global-color-4)","background-image":"","background-repeat":"repeat","background-position":"center center","background-size":"auto","background-attachment":"scroll","background-type":"","background-media":"","overlay-type":"","overlay-color":"","overlay-opacity":"","overlay-gradient":""},"tablet":{"background-color":"","background-image":"","background-repeat":"repeat","background-position":"center center","background-size":"auto","background-attachment":"scroll","background-type":"","background-media":"","overlay-type":"","overlay-color":"","overlay-opacity":"","overlay-gradient":""},"mobile":{"background-color":"","background-image":"","background-repeat":"repeat","background-position":"center center","background-size":"auto","background-attachment":"scroll","background-type":"","background-media":"","overlay-type":"","overlay-color":"","overlay-opacity":"","overlay-gradient":""}},"ast-content-background-meta":{"desktop":{"background-color":"var(--ast-global-color-5)","background-image":"","background-repeat":"repeat","background-position":"center center","background-size":"auto","background-attachment":"scroll","background-type":"","background-media":"","overlay-type":"","overlay-color":"","overlay-opacity":"","overlay-gradient":""},"tablet":{"background-color":"var(--ast-global-color-5)","background-image":"","background-repeat":"repeat","background-position":"center center","background-size":"auto","background-attachment":"scroll","background-type":"","background-media":"","overlay-type":"","overlay-color":"","overlay-opacity":"","overlay-gradient":""},"mobile":{"background-color":"var(--ast-global-color-5)","background-image":"","background-repeat":"repeat","background-position":"center center","background-size":"auto","background-attachment":"scroll","background-type":"","background-media":"","overlay-type":"","overlay-color":"","overlay-opacity":"","overlay-gradient":""}}},"product_brand":[],"product_cat":[31,22],"product_tag":[],"class_list":{"0":"post-4231","1":"product","2":"type-product","3":"status-publish","4":"has-post-thumbnail","6":"product_cat-colutorios","7":"product_cat-especialidades-clinicas","8":"desktop-align-left","9":"tablet-align-left","10":"mobile-align-left","12":"first","13":"instock","14":"shipping-taxable","15":"product-type-simple"},"yoast_head":"<!-- This site is optimized with the Yoast SEO plugin v27.4 - https:\/\/yoast.com\/product\/yoast-seo-wordpress\/ -->\n<title>HYALURONIC - Foramen<\/title>\n<meta name=\"description\" content=\"El enjuague bucal FORAMEN HYALURONIC Post-Cirug\u00eda promueve la cicatrizaci\u00f3n y recuperaci\u00f3n de los tejidos orales, mejorando la comodidad del paciente.\" \/>\n<meta name=\"robots\" content=\"index, follow, max-snippet:-1, max-image-preview:large, max-video-preview:-1\" \/>\n<link rel=\"canonical\" href=\"https:\/\/foramen.es\/es\/productos\/especialidades-clinicas\/enjuague-bucal-hyaluronic\/\" \/>\n<meta property=\"og:locale\" content=\"es_ES\" \/>\n<meta property=\"og:type\" content=\"article\" \/>\n<meta property=\"og:title\" content=\"HYALURONIC - Foramen\" \/>\n<meta property=\"og:description\" content=\"El enjuague bucal FORAMEN HYALURONIC Post-Cirug\u00eda promueve la cicatrizaci\u00f3n y recuperaci\u00f3n de los tejidos orales, mejorando la comodidad del paciente.\" \/>\n<meta property=\"og:url\" content=\"https:\/\/foramen.es\/es\/productos\/especialidades-clinicas\/enjuague-bucal-hyaluronic\/\" \/>\n<meta property=\"og:site_name\" content=\"Foramen\" \/>\n<meta property=\"article:publisher\" content=\"https:\/\/www.facebook.com\/foramensl\" \/>\n<meta property=\"article:modified_time\" content=\"2026-02-11T12:31:55+00:00\" \/>\n<meta property=\"og:image\" content=\"https:\/\/foramen.es\/wp-content\/uploads\/2023\/09\/EB_Hyaluronic_PH-26.webp\" \/>\n\t<meta property=\"og:image:width\" content=\"958\" \/>\n\t<meta property=\"og:image:height\" content=\"1200\" \/>\n\t<meta property=\"og:image:type\" content=\"image\/webp\" \/>\n<meta name=\"twitter:card\" content=\"summary_large_image\" \/>\n<script type=\"application\/ld+json\" class=\"yoast-schema-graph\">{\"@context\":\"https:\\\/\\\/schema.org\",\"@graph\":[{\"@type\":\"WebPage\",\"@id\":\"https:\\\/\\\/foramen.es\\\/es\\\/productos\\\/especialidades-clinicas\\\/enjuague-bucal-hyaluronic\\\/\",\"url\":\"https:\\\/\\\/foramen.es\\\/es\\\/productos\\\/especialidades-clinicas\\\/enjuague-bucal-hyaluronic\\\/\",\"name\":\"HYALURONIC - Foramen\",\"isPartOf\":{\"@id\":\"https:\\\/\\\/foramen.es\\\/es\\\/#website\"},\"primaryImageOfPage\":{\"@id\":\"https:\\\/\\\/foramen.es\\\/es\\\/productos\\\/especialidades-clinicas\\\/enjuague-bucal-hyaluronic\\\/#primaryimage\"},\"image\":{\"@id\":\"https:\\\/\\\/foramen.es\\\/es\\\/productos\\\/especialidades-clinicas\\\/enjuague-bucal-hyaluronic\\\/#primaryimage\"},\"thumbnailUrl\":\"https:\\\/\\\/foramen.es\\\/wp-content\\\/uploads\\\/2023\\\/09\\\/EB_Hyaluronic_PH-26.webp\",\"datePublished\":\"2023-09-25T17:43:01+00:00\",\"dateModified\":\"2026-02-11T12:31:55+00:00\",\"description\":\"El enjuague bucal FORAMEN HYALURONIC Post-Cirug\u00eda promueve la cicatrizaci\u00f3n y recuperaci\u00f3n de los tejidos orales, mejorando la comodidad del paciente.\",\"breadcrumb\":{\"@id\":\"https:\\\/\\\/foramen.es\\\/es\\\/productos\\\/especialidades-clinicas\\\/enjuague-bucal-hyaluronic\\\/#breadcrumb\"},\"inLanguage\":\"es\",\"potentialAction\":[{\"@type\":\"ReadAction\",\"target\":[\"https:\\\/\\\/foramen.es\\\/es\\\/productos\\\/especialidades-clinicas\\\/enjuague-bucal-hyaluronic\\\/\"]}]},{\"@type\":\"ImageObject\",\"inLanguage\":\"es\",\"@id\":\"https:\\\/\\\/foramen.es\\\/es\\\/productos\\\/especialidades-clinicas\\\/enjuague-bucal-hyaluronic\\\/#primaryimage\",\"url\":\"https:\\\/\\\/foramen.es\\\/wp-content\\\/uploads\\\/2023\\\/09\\\/EB_Hyaluronic_PH-26.webp\",\"contentUrl\":\"https:\\\/\\\/foramen.es\\\/wp-content\\\/uploads\\\/2023\\\/09\\\/EB_Hyaluronic_PH-26.webp\",\"width\":958,\"height\":1200},{\"@type\":\"BreadcrumbList\",\"@id\":\"https:\\\/\\\/foramen.es\\\/es\\\/productos\\\/especialidades-clinicas\\\/enjuague-bucal-hyaluronic\\\/#breadcrumb\",\"itemListElement\":[{\"@type\":\"ListItem\",\"position\":1,\"name\":\"Portada\",\"item\":\"https:\\\/\\\/foramen.es\\\/es\\\/\"},{\"@type\":\"ListItem\",\"position\":2,\"name\":\"Tienda\",\"item\":\"https:\\\/\\\/foramen.es\\\/es\\\/tienda\\\/\"},{\"@type\":\"ListItem\",\"position\":3,\"name\":\"HYALURONIC\"}]},{\"@type\":\"WebSite\",\"@id\":\"https:\\\/\\\/foramen.es\\\/es\\\/#website\",\"url\":\"https:\\\/\\\/foramen.es\\\/es\\\/\",\"name\":\"Foramen\",\"description\":\"Todo para la Higiene Bucal\",\"publisher\":{\"@id\":\"https:\\\/\\\/foramen.es\\\/es\\\/#organization\"},\"potentialAction\":[{\"@type\":\"SearchAction\",\"target\":{\"@type\":\"EntryPoint\",\"urlTemplate\":\"https:\\\/\\\/foramen.es\\\/es\\\/?s={search_term_string}\"},\"query-input\":{\"@type\":\"PropertyValueSpecification\",\"valueRequired\":true,\"valueName\":\"search_term_string\"}}],\"inLanguage\":\"es\"},{\"@type\":\"Organization\",\"@id\":\"https:\\\/\\\/foramen.es\\\/es\\\/#organization\",\"name\":\"Foramen\",\"url\":\"https:\\\/\\\/foramen.es\\\/es\\\/\",\"logo\":{\"@type\":\"ImageObject\",\"inLanguage\":\"es\",\"@id\":\"https:\\\/\\\/foramen.es\\\/es\\\/#\\\/schema\\\/logo\\\/image\\\/\",\"url\":\"https:\\\/\\\/foramen.es\\\/wp-content\\\/uploads\\\/2023\\\/08\\\/LogoForamen100-2-e1690994852494.png\",\"contentUrl\":\"https:\\\/\\\/foramen.es\\\/wp-content\\\/uploads\\\/2023\\\/08\\\/LogoForamen100-2-e1690994852494.png\",\"width\":452,\"height\":222,\"caption\":\"Foramen\"},\"image\":{\"@id\":\"https:\\\/\\\/foramen.es\\\/es\\\/#\\\/schema\\\/logo\\\/image\\\/\"},\"sameAs\":[\"https:\\\/\\\/www.facebook.com\\\/foramensl\",\"https:\\\/\\\/www.instagram.com\\\/foramensl\\\/\"]}]}<\/script>\n<!-- \/ Yoast SEO plugin. -->","yoast_head_json":{"title":"HYALURONIC - Foramen","description":"El enjuague bucal FORAMEN HYALURONIC Post-Cirug\u00eda promueve la cicatrizaci\u00f3n y recuperaci\u00f3n de los tejidos orales, mejorando la comodidad del paciente.","robots":{"index":"index","follow":"follow","max-snippet":"max-snippet:-1","max-image-preview":"max-image-preview:large","max-video-preview":"max-video-preview:-1"},"canonical":"https:\/\/foramen.es\/es\/productos\/especialidades-clinicas\/enjuague-bucal-hyaluronic\/","og_locale":"es_ES","og_type":"article","og_title":"HYALURONIC - Foramen","og_description":"El enjuague bucal FORAMEN HYALURONIC Post-Cirug\u00eda promueve la cicatrizaci\u00f3n y recuperaci\u00f3n de los tejidos orales, mejorando la comodidad del paciente.","og_url":"https:\/\/foramen.es\/es\/productos\/especialidades-clinicas\/enjuague-bucal-hyaluronic\/","og_site_name":"Foramen","article_publisher":"https:\/\/www.facebook.com\/foramensl","article_modified_time":"2026-02-11T12:31:55+00:00","og_image":[{"width":958,"height":1200,"url":"https:\/\/foramen.es\/wp-content\/uploads\/2023\/09\/EB_Hyaluronic_PH-26.webp","type":"image\/webp"}],"twitter_card":"summary_large_image","schema":{"@context":"https:\/\/schema.org","@graph":[{"@type":"WebPage","@id":"https:\/\/foramen.es\/es\/productos\/especialidades-clinicas\/enjuague-bucal-hyaluronic\/","url":"https:\/\/foramen.es\/es\/productos\/especialidades-clinicas\/enjuague-bucal-hyaluronic\/","name":"HYALURONIC - Foramen","isPartOf":{"@id":"https:\/\/foramen.es\/es\/#website"},"primaryImageOfPage":{"@id":"https:\/\/foramen.es\/es\/productos\/especialidades-clinicas\/enjuague-bucal-hyaluronic\/#primaryimage"},"image":{"@id":"https:\/\/foramen.es\/es\/productos\/especialidades-clinicas\/enjuague-bucal-hyaluronic\/#primaryimage"},"thumbnailUrl":"https:\/\/foramen.es\/wp-content\/uploads\/2023\/09\/EB_Hyaluronic_PH-26.webp","datePublished":"2023-09-25T17:43:01+00:00","dateModified":"2026-02-11T12:31:55+00:00","description":"El enjuague bucal FORAMEN HYALURONIC Post-Cirug\u00eda promueve la cicatrizaci\u00f3n y recuperaci\u00f3n de los tejidos orales, mejorando la comodidad del paciente.","breadcrumb":{"@id":"https:\/\/foramen.es\/es\/productos\/especialidades-clinicas\/enjuague-bucal-hyaluronic\/#breadcrumb"},"inLanguage":"es","potentialAction":[{"@type":"ReadAction","target":["https:\/\/foramen.es\/es\/productos\/especialidades-clinicas\/enjuague-bucal-hyaluronic\/"]}]},{"@type":"ImageObject","inLanguage":"es","@id":"https:\/\/foramen.es\/es\/productos\/especialidades-clinicas\/enjuague-bucal-hyaluronic\/#primaryimage","url":"https:\/\/foramen.es\/wp-content\/uploads\/2023\/09\/EB_Hyaluronic_PH-26.webp","contentUrl":"https:\/\/foramen.es\/wp-content\/uploads\/2023\/09\/EB_Hyaluronic_PH-26.webp","width":958,"height":1200},{"@type":"BreadcrumbList","@id":"https:\/\/foramen.es\/es\/productos\/especialidades-clinicas\/enjuague-bucal-hyaluronic\/#breadcrumb","itemListElement":[{"@type":"ListItem","position":1,"name":"Portada","item":"https:\/\/foramen.es\/es\/"},{"@type":"ListItem","position":2,"name":"Tienda","item":"https:\/\/foramen.es\/es\/tienda\/"},{"@type":"ListItem","position":3,"name":"HYALURONIC"}]},{"@type":"WebSite","@id":"https:\/\/foramen.es\/es\/#website","url":"https:\/\/foramen.es\/es\/","name":"Foramen","description":"Todo para la Higiene Bucal","publisher":{"@id":"https:\/\/foramen.es\/es\/#organization"},"potentialAction":[{"@type":"SearchAction","target":{"@type":"EntryPoint","urlTemplate":"https:\/\/foramen.es\/es\/?s={search_term_string}"},"query-input":{"@type":"PropertyValueSpecification","valueRequired":true,"valueName":"search_term_string"}}],"inLanguage":"es"},{"@type":"Organization","@id":"https:\/\/foramen.es\/es\/#organization","name":"Foramen","url":"https:\/\/foramen.es\/es\/","logo":{"@type":"ImageObject","inLanguage":"es","@id":"https:\/\/foramen.es\/es\/#\/schema\/logo\/image\/","url":"https:\/\/foramen.es\/wp-content\/uploads\/2023\/08\/LogoForamen100-2-e1690994852494.png","contentUrl":"https:\/\/foramen.es\/wp-content\/uploads\/2023\/08\/LogoForamen100-2-e1690994852494.png","width":452,"height":222,"caption":"Foramen"},"image":{"@id":"https:\/\/foramen.es\/es\/#\/schema\/logo\/image\/"},"sameAs":["https:\/\/www.facebook.com\/foramensl","https:\/\/www.instagram.com\/foramensl\/"]}]}},"_links":{"self":[{"href":"https:\/\/foramen.es\/es\/wp-json\/wp\/v2\/product\/4231","targetHints":{"allow":["GET"]}}],"collection":[{"href":"https:\/\/foramen.es\/es\/wp-json\/wp\/v2\/product"}],"about":[{"href":"https:\/\/foramen.es\/es\/wp-json\/wp\/v2\/types\/product"}],"replies":[{"embeddable":true,"href":"https:\/\/foramen.es\/es\/wp-json\/wp\/v2\/comments?post=4231"}],"wp:featuredmedia":[{"embeddable":true,"href":"https:\/\/foramen.es\/es\/wp-json\/wp\/v2\/media\/7450"}],"wp:attachment":[{"href":"https:\/\/foramen.es\/es\/wp-json\/wp\/v2\/media?parent=4231"}],"wp:term":[{"taxonomy":"product_brand","embeddable":true,"href":"https:\/\/foramen.es\/es\/wp-json\/wp\/v2\/product_brand?post=4231"},{"taxonomy":"product_cat","embeddable":true,"href":"https:\/\/foramen.es\/es\/wp-json\/wp\/v2\/product_cat?post=4231"},{"taxonomy":"product_tag","embeddable":true,"href":"https:\/\/foramen.es\/es\/wp-json\/wp\/v2\/product_tag?post=4231"}],"curies":[{"name":"wp","href":"https:\/\/api.w.org\/{rel}","templated":true}]}}